{"id":925,"date":"2022-02-11T07:49:23","date_gmt":"2022-02-11T06:49:23","guid":{"rendered":"https:\/\/qse-gmbh.de\/?page_id=925"},"modified":"2026-04-13T08:35:42","modified_gmt":"2026-04-13T06:35:42","slug":"imprint","status":"publish","type":"page","link":"https:\/\/qse-gmbh.de\/en\/imprint\/","title":{"rendered":"Imprint"},"content":{"rendered":"<p>[et_pb_section fb_built=&#8221;1&#8243; _builder_version=&#8221;4.17.4&#8243; _module_preset=&#8221;default&#8221; global_colors_info=&#8221;{}&#8221;][et_pb_row admin_label=&#8221;Row&#8221; _builder_version=&#8221;4.16&#8243; locked=&#8221;off&#8221; global_colors_info=&#8221;{}&#8221;][et_pb_column type=&#8221;4_4&#8243; _builder_version=&#8221;4.16&#8243; custom_padding=&#8221;|||&#8221; global_colors_info=&#8221;{}&#8221; custom_padding__hover=&#8221;|||&#8221;][et_pb_text _builder_version=&#8221;4.16&#8243; text_font=&#8221;Montserrat||||||||&#8221; text_font_size=&#8221;16px&#8221; text_line_height=&#8221;1.8em&#8221; link_font=&#8221;Montserrat|700|||||||&#8221; link_text_color=&#8221;#fa546d&#8221; link_font_size=&#8221;22px&#8221; link_line_height=&#8221;1.5em&#8221; header_2_font=&#8221;Montserrat|700|||||||&#8221; header_2_font_size=&#8221;25px&#8221; header_2_line_height=&#8221;1.4em&#8221; header_6_font=&#8221;Montserrat|600||on|||||&#8221; header_6_text_color=&#8221;#004a8c&#8221; header_6_font_size=&#8221;16px&#8221; header_6_letter_spacing=&#8221;2px&#8221; header_6_line_height=&#8221;1.5em&#8221; vertical_offset_tablet=&#8221;0&#8243; horizontal_offset_tablet=&#8221;0&#8243; max_width_last_edited=&#8221;off|desktop&#8221; module_alignment=&#8221;center&#8221; custom_margin=&#8221;||0px|&#8221; custom_padding=&#8221;|||&#8221; header_2_font_size_tablet=&#8221;&#8221; header_2_font_size_phone=&#8221;24px&#8221; header_2_font_size_last_edited=&#8221;on|phone&#8221; z_index_tablet=&#8221;0&#8243; text_text_shadow_horizontal_length_tablet=&#8221;0px&#8221; text_text_shadow_vertical_length_tablet=&#8221;0px&#8221; text_text_shadow_blur_strength_tablet=&#8221;1px&#8221; link_text_shadow_horizontal_length_tablet=&#8221;0px&#8221; link_text_shadow_vertical_length_tablet=&#8221;0px&#8221; link_text_shadow_blur_strength_tablet=&#8221;1px&#8221; ul_text_shadow_horizontal_length_tablet=&#8221;0px&#8221; ul_text_shadow_vertical_length_tablet=&#8221;0px&#8221; ul_text_shadow_blur_strength_tablet=&#8221;1px&#8221; ol_text_shadow_horizontal_length_tablet=&#8221;0px&#8221; ol_text_shadow_vertical_length_tablet=&#8221;0px&#8221; ol_text_shadow_blur_strength_tablet=&#8221;1px&#8221; quote_text_shadow_horizontal_length_tablet=&#8221;0px&#8221; quote_text_shadow_vertical_length_tablet=&#8221;0px&#8221; quote_text_shadow_blur_strength_tablet=&#8221;1px&#8221; header_text_shadow_horizontal_length_tablet=&#8221;0px&#8221; header_text_shadow_vertical_length_tablet=&#8221;0px&#8221; header_text_shadow_blur_strength_tablet=&#8221;1px&#8221; header_2_text_shadow_horizontal_length_tablet=&#8221;0px&#8221; header_2_text_shadow_vertical_length_tablet=&#8221;0px&#8221; header_2_text_shadow_blur_strength_tablet=&#8221;1px&#8221; header_3_text_shadow_horizontal_length_tablet=&#8221;0px&#8221; header_3_text_shadow_vertical_length_tablet=&#8221;0px&#8221; header_3_text_shadow_blur_strength_tablet=&#8221;1px&#8221; header_4_text_shadow_horizontal_length_tablet=&#8221;0px&#8221; header_4_text_shadow_vertical_length_tablet=&#8221;0px&#8221; header_4_text_shadow_blur_strength_tablet=&#8221;1px&#8221; header_5_text_shadow_horizontal_length_tablet=&#8221;0px&#8221; header_5_text_shadow_vertical_length_tablet=&#8221;0px&#8221; header_5_text_shadow_blur_strength_tablet=&#8221;1px&#8221; header_6_text_shadow_horizontal_length_tablet=&#8221;0px&#8221; header_6_text_shadow_vertical_length_tablet=&#8221;0px&#8221; header_6_text_shadow_blur_strength_tablet=&#8221;1px&#8221; box_shadow_horizontal_tablet=&#8221;0px&#8221; box_shadow_vertical_tablet=&#8221;0px&#8221; box_shadow_blur_tablet=&#8221;40px&#8221; box_shadow_spread_tablet=&#8221;0px&#8221; global_colors_info=&#8221;{}&#8221;]<\/p>\n<h2>Impressum\/Datenschutz<\/h2>\n<p>\u00a0<\/p>\n<p>[\/et_pb_text][et_pb_divider divider_weight=&#8221;5px&#8221; _builder_version=&#8221;4.16&#8243; _module_preset=&#8221;default&#8221; global_colors_info=&#8221;{}&#8221;]<\/p>\n<p>[\/et_pb_divider][et_pb_text _builder_version=&#8221;4.27.4&#8243; _module_preset=&#8221;default&#8221; text_font_size=&#8221;17px&#8221; vertical_offset_tablet=&#8221;0&#8243; horizontal_offset_tablet=&#8221;0&#8243; custom_padding=&#8221;0px|||||&#8221; z_index_tablet=&#8221;0&#8243; text_text_shadow_horizontal_length_tablet=&#8221;0px&#8221; text_text_shadow_vertical_length_tablet=&#8221;0px&#8221; text_text_shadow_blur_strength_tablet=&#8221;1px&#8221; link_text_shadow_horizontal_length_tablet=&#8221;0px&#8221; link_text_shadow_vertical_length_tablet=&#8221;0px&#8221; link_text_shadow_blur_strength_tablet=&#8221;1px&#8221; ul_text_shadow_horizontal_length_tablet=&#8221;0px&#8221; ul_text_shadow_vertical_length_tablet=&#8221;0px&#8221; ul_text_shadow_blur_strength_tablet=&#8221;1px&#8221; ol_text_shadow_horizontal_length_tablet=&#8221;0px&#8221; ol_text_shadow_vertical_length_tablet=&#8221;0px&#8221; ol_text_shadow_blur_strength_tablet=&#8221;1px&#8221; quote_text_shadow_horizontal_length_tablet=&#8221;0px&#8221; quote_text_shadow_vertical_length_tablet=&#8221;0px&#8221; quote_text_shadow_blur_strength_tablet=&#8221;1px&#8221; header_text_shadow_horizontal_length_tablet=&#8221;0px&#8221; header_text_shadow_vertical_length_tablet=&#8221;0px&#8221; header_text_shadow_blur_strength_tablet=&#8221;1px&#8221; header_2_text_shadow_horizontal_length_tablet=&#8221;0px&#8221; header_2_text_shadow_vertical_length_tablet=&#8221;0px&#8221; header_2_text_shadow_blur_strength_tablet=&#8221;1px&#8221; header_3_text_shadow_horizontal_length_tablet=&#8221;0px&#8221; header_3_text_shadow_vertical_length_tablet=&#8221;0px&#8221; header_3_text_shadow_blur_strength_tablet=&#8221;1px&#8221; header_4_text_shadow_horizontal_length_tablet=&#8221;0px&#8221; header_4_text_shadow_vertical_length_tablet=&#8221;0px&#8221; header_4_text_shadow_blur_strength_tablet=&#8221;1px&#8221; header_5_text_shadow_horizontal_length_tablet=&#8221;0px&#8221; header_5_text_shadow_vertical_length_tablet=&#8221;0px&#8221; header_5_text_shadow_blur_strength_tablet=&#8221;1px&#8221; header_6_text_shadow_horizontal_length_tablet=&#8221;0px&#8221; header_6_text_shadow_vertical_length_tablet=&#8221;0px&#8221; header_6_text_shadow_blur_strength_tablet=&#8221;1px&#8221; box_shadow_horizontal_tablet=&#8221;0px&#8221; box_shadow_vertical_tablet=&#8221;0px&#8221; box_shadow_blur_tablet=&#8221;40px&#8221; box_shadow_spread_tablet=&#8221;0px&#8221; global_colors_info=&#8221;{}&#8221;]<\/p>\n<p style=\"text-align: justify;\"><strong><\/strong><\/p>\n<p style=\"text-align: justify;\"><strong>Verantwortlich f\u00fcr den Inhalt<\/strong><\/p>\n<p style=\"text-align: justify;\">QSE GmbH<br \/>Hochstatt 2<\/p>\n<p style=\"text-align: justify;\">85283 Wolnzach<\/p>\n<p style=\"text-align: justify;\">Telefon: 09826\/6234-0<br \/>E-Mail: <a href=\"mailto:info@qse-gmbh.de\">info@qse-gmbh.com<\/a><\/p>\n<p style=\"text-align: justify;\">Die QSE GmbH ist ein Tochterunternehmen des Milchpr\u00fcfring Bayern e.V., Hochstatt 2, 85283 Wolnzach<\/p>\n<p style=\"text-align: justify;\">Vertretungsberechtigte Vorst\u00e4nde: Alfred Enderle, Werner Giselbrecht, <span>Lorenz Englj\u00e4hringer<\/span><\/p>\n<p style=\"text-align: justify;\">Gesch\u00e4ftsf\u00fchrung: <span>Alfred Enderle, Christine R\u00f6hrl<\/span><\/p>\n<p style=\"text-align: justify;\">Registergericht: Amtsgericht Ingolstadt HRB 4147<\/p>\n<p style=\"text-align: justify;\">VAT-No. \/ USt.-Id-Nr.: DE248818115<\/p>\n<p style=\"text-align: justify;\">Informationspflichten DSGVO (PDF)<\/p>\n<p style=\"text-align: justify;\"><strong>Technische Umsetzung:<\/strong><\/p>\n<p style=\"text-align: justify;\"><a href=\"https:\/\/www.appropo.net\">appropo GmbH<\/a><\/p>\n<p style=\"text-align: justify;\"><strong><\/strong><\/p>\n<p style=\"text-align: justify;\"><strong>Bildnachweise<\/strong><\/p>\n<p style=\"text-align: justify;\">Es wird Bildmaterial des Milchpr\u00fcfring Bayern e.V., der Landwirtschaftlichen Lehranstalten Triesdorf und eigenes Bildmaterial verwendet.<\/p>\n<p style=\"text-align: justify;\"><strong><\/strong><\/p>\n<p style=\"text-align: justify;\"><strong>Haftungsausschluss<\/strong><\/p>\n<p style=\"text-align: justify;\">F\u00fcr Richtigkeit, Vollst\u00e4ndigkeit und Aktualit\u00e4t der Daten wird keine Gew\u00e4hr \u00fcbernommen. Eine Haftung, insbesondere f\u00fcr eventuelle materielle oder immaterielle Sch\u00e4den oder Konsequenzen, die aus der Nutzung unseres Angebotes entstehen, ist ausgeschlossen. Die QSE GmbH ist nicht f\u00fcr die Inhalte von Websites einschlie\u00dflich dort angebotener Programme verantwortlich, auf die direkt oder indirekt per Link verwiesen wird. Die QSE GmbH hat keinerlei Einfluss auf die aktuelle und zuk\u00fcnftige Gestaltung und auf die Inhalte der gelinkten\/verkn\u00fcpften Seiten. Deshalb \u00fcbernimmt die QSE GmbH keine Verantwortung f\u00fcr Inhalte aller gelinkten\/verkn\u00fcpften Seiten, die nach der Linksetzung ver\u00e4ndert wurden. Diese Feststellung gilt f\u00fcr alle innerhalb des eigenen Internetangebotes gesetzten Links und Verweise. F\u00fcr illegale, fehlerhafte oder unvollst\u00e4ndige Inhalte und insbesondere f\u00fcr Sch\u00e4den, die aus der Nutzung oder Nichtnutzung solcherart dargebotener Informationen entstehen, tr\u00e4gt allein der Anbieter der Seite, auf welche verwiesen wurde, die straf- und zivielrechtliche Verantwortung.<\/p>\n<p style=\"text-align: justify;\"><strong><\/strong><\/p>\n<p style=\"text-align: justify;\"><strong>Haltung der QSE GmbH zu externen Links<\/strong><\/p>\n<p style=\"text-align: justify;\">Jegliche Nutzung dieser Internet-Seiten oder aller anderen mit diesen verbundenen Link-Seiten, sowie deren Inhalt, geschieht auf eigene Gefahr des Nutzers. Es wird ausdr\u00fccklich darauf hingewiesen, dass die QSE GmbH f\u00fcr den Inhalt externer Internet-Seiten, auf die auf dieser Homepage verwiesen wird, keine Verantwortung \u00fcbernimmt. Ferner distanzieren wir uns vorsorglich von deren Inhalt und machen uns diesen nicht zu eigen, soweit diese rechtswidrige, rechtsverletzende oder unzutreffende Inhalte haben. Die angef\u00fchrten Links sollen informieren, geben jedoch ausschlie\u00dflich die Meinung des Inhabers der jeweiligen Internet-Seiten wieder. F\u00fcr die Informationen von Dritten wird auch keine Haftung \u00fcbernommen.<\/p>\n<p style=\"text-align: justify;\"><span style=\"font-size: large;\"><strong><\/strong><\/span><\/p>\n<p style=\"text-align: justify;\"><span style=\"font-size: large;\"><strong>Datenschutz<\/strong><\/span><\/p>\n<p style=\"text-align: justify;\">Informationspflichten nach Artikel 13, 14 und 21 DSGVO.<\/p>\n<p style=\"text-align: justify;\">Wir haben einen Datenschutzbeauftragten benannt:<\/p>\n<p style=\"text-align: justify;\">Herrn Robert Heindl als Vertreter der<\/p>\n<p style=\"text-align: justify;\">Projekt 29 GmbH &amp; Co. KG<\/p>\n<p style=\"text-align: justify;\">Ostengasse 14<\/p>\n<p style=\"text-align: justify;\">93047 Regensburg<\/p>\n<p style=\"text-align: justify;\">Telefon: 0941\/2986930<\/p>\n<p style=\"text-align: justify;\">E-Mail: anfrage@projekt29.de<\/p>\n<p style=\"text-align: justify;\">Datenschutzerkl\u00e4rung nach \u00a7 13 Telemediengesetz<\/p>\n<p style=\"text-align: justify;\">Wir, die QSE GmbH nehmen den Schutz Ihrer pers\u00f6nlichen Daten sehr ernst und halten uns strikt an die Regeln der Datenschutzgesetze. Personenbezogene Daten werden auf dieser Webseite nur im technisch notwendigen Umfang erhoben. In keinem Fall werden die erhobenen Daten verkauft oder aus anderen Gr\u00fcnden an Dritte weitergegeben. Die nachfolgende Erkl\u00e4rung gibt Ihnen einen \u00dcberblick dar\u00fcber, wie wir diesen Schutz gew\u00e4hrleisten und welche Art von Daten zu welchem Zweck erhoben werden.<\/p>\n<p style=\"text-align: justify;\">Ihr Vertrauen ist uns wichtig. Daher m\u00f6chten wir Ihnen jederzeit Rede und Antwort bez\u00fcglich der Verarbeitung Ihrer personenbezogenen Daten stehen. Wenn Sie Fragen haben, die Ihnen diese Datenschutzerkl\u00e4rung nicht beantworten konnte oder wenn Sie zu einem Punkt vertiefte Informationen w\u00fcnschen, wenden Sie sich bitte an uns.<\/p>\n<p style=\"text-align: justify;\"><span style=\"font-size: large;\"><strong><\/strong><\/span><\/p>\n<p style=\"text-align: justify;\"><span style=\"font-size: large;\"><strong>Externes Hosting<br \/><\/strong><\/span><\/p>\n<p style=\"text-align: justify;\">Diese Website wird bei einem externen Dienstleister gehostet (Hoster). Die personenbezogenen Daten, die auf dieser Website erfasst werden, werden auf den Servern des Hosters gespeichert. Hierbei kann es sich v. a. um IP-Adressen, Kontaktanfragen, Meta- und Kommunikationsdaten, Vertragsdaten, Kontaktdaten, Namen, Websitezugriffe und sonstige Daten, die \u00fcber eine Website generiert werden, handeln.<\/p>\n<p style=\"text-align: justify;\">Der Einsatz des Hosters erfolgt zum Zwecke der Vertragserf\u00fcllung gegen\u00fcber unseren potenziellen und bestehenden Kunden (Art. 6 Abs. 1 lit. b DSGVO) und im Interesse einer sicheren, schnellen und effizienten Bereitstellung unseres Online-Angebots durch einen professionellen Anbieter (Art. 6 Abs. 1 lit. f DSGVO). Sofern eine entsprechende Einwilligung abgefragt wurde, erfolgt die Verarbeitung ausschlie\u00dflich auf Grundlage von Art. 6 Abs. 1 lit. a DSGVO und \u00a7 25 Abs. 1 TTDSG, soweit die Einwilligung die Speicherung von Cookies oder den Zugriff auf Informationen im Endger\u00e4t des Nutzers (z.\u00a0B. Device-Fingerprinting) im Sinne des TTDSG umfasst. Die Einwilligung ist jederzeit widerrufbar.<\/p>\n<p style=\"text-align: justify;\">Unser Hoster wird Ihre Daten nur insoweit verarbeiten, wie dies zur Erf\u00fcllung seiner Leistungspflichten erforderlich ist und unsere Weisungen in Bezug auf diese Daten befolgen.<\/p>\n<p style=\"text-align: justify;\">Wir setzen folgenden Hoster ein:<\/p>\n<p style=\"text-align: justify;\">domainfactory GmbH<br \/>Oskar-Messter-Str. 33<br \/>85737 Ismaning<\/p>\n<p style=\"text-align: justify;\"><strong><\/strong><\/p>\n<p style=\"text-align: justify;\"><strong>Auftragsverarbeitung<\/strong><\/p>\n<p style=\"text-align: justify;\">Wir haben einen Vertrag \u00fcber Auftragsverarbeitung (AVV) mit dem oben genannten Anbieter geschlossen. Hierbei handelt es sich um einen datenschutzrechtlich vorgeschriebenen Vertrag, der gew\u00e4hrleistet, dass dieser die personenbezogenen Daten unserer Websitebesucher nur nach unseren Weisungen und unter Einhaltung der DSGVO verarbeitet.<\/p>\n<p style=\"text-align: justify;\"><strong><\/strong><\/p>\n<p style=\"text-align: justify;\"><strong>Cookies<\/strong><\/p>\n<p style=\"text-align: justify;\">Die Internetseiten verwenden an mehreren Stellen sogenannte Cookies. Sie dienen dazu, unser Angebot nutzerfreundlicher, effektiver und sicherer zu machen. Cookies sind kleine Textdateien, die auf Ihrem Rechner abgelegt werden und die Ihr Browser speichert. Die meisten der von uns verwendeten Cookies sind so genannte &#8220;Session-Cookies&#8221;. Sie werden nach Ende Ihres Besuchs automatisch gel\u00f6scht. Cookies richten auf Ihrem Rechner keinen Schaden an und enthalten keine Viren.<\/p>\n<p style=\"text-align: justify;\"><strong><\/strong><\/p>\n<p style=\"text-align: justify;\"><strong>Urheber- und Kennzeichenrecht<\/strong><\/p>\n<p style=\"text-align: justify;\">Der Inhalt, die Gestaltung und der Aufbau dieser Internetseite sind urheberrechtlich gesch\u00fctzt. Dies gilt insbesondere f\u00fcr Texte, Bilder, Grafiken, Ton-, Video- oder Animationsdateien einschlie\u00dflich deren Anordnung auf der Internetseite. Das Copyright f\u00fcr ver\u00f6ffentlichte, selbst erstellte Objekte bleibt allein bei der QSE GmbH. Die bereitgestellten Informationen, Texte, Ton-, Video- und Bildmaterialien sind nur f\u00fcr den individuellen Zugriff des Nutzers dieser Internetseite bestimmt.<\/p>\n<p style=\"text-align: justify;\"><strong><\/strong><\/p>\n<p style=\"text-align: justify;\"><strong>Genderhinweis<\/strong><\/p>\n<p style=\"text-align: justify;\">Aus Gr\u00fcnden der leichteren Lesbarkeit wurde in der Regel die m\u00e4nnliche Schreibweise verwendet bzw. auf die zus\u00e4tzliche Formulierung der weiblichen Form verzichtet. Dies beinhaltet keine Wertung.<\/p>\n<p style=\"text-align: justify;\"><strong>Beschwerdemanagement<\/strong><\/p>\n<p style=\"text-align: justify;\"><span>Eine Ablaufbeschreibung unseres Beschwerdeverfahrens finden Sie unter folgendem Download:<\/span><\/p>\n<p style=\"text-align: justify;\"><span><\/span><\/p>\n<p>[\/et_pb_text][et_pb_button button_url=&#8221;https:\/\/qse-gmbh.de\/wp-content\/uploads\/2025\/04\/Q311-1-Dok-Ablauf-Beschwerde-QSE-E.pdf&#8221; url_new_window=&#8221;on&#8221; button_text=&#8221;Download&#8221; button_alignment=&#8221;left&#8221; _builder_version=&#8221;4.27.4&#8243; _module_preset=&#8221;default&#8221; custom_button=&#8221;on&#8221; button_text_size=&#8221;17px&#8221; button_text_color=&#8221;#FFFFFF&#8221; button_bg_color=&#8221;#004a8c&#8221; button_border_radius=&#8221;26px&#8221; button_font=&#8221;Montserrat||||||||&#8221; custom_padding=&#8221;|24px||||&#8221; locked=&#8221;off&#8221; global_colors_info=&#8221;{}&#8221;]<\/p>\n<p>[\/et_pb_button][\/et_pb_column][\/et_pb_row][\/et_pb_section]<\/p>\n","protected":false},"excerpt":{"rendered":"<p>Impressum\/Datenschutz\u00a0 Verantwortlich f\u00fcr den Inhalt QSE GmbHHochstatt 2 85283 Wolnzach Telefon: 09826\/6234-0E-Mail: info@qse-gmbh.com Die QSE GmbH ist ein Tochterunternehmen des Milchpr\u00fcfring Bayern e.V., Hochstatt 2, 85283 Wolnzach Vertretungsberechtigte Vorst\u00e4nde: Alfred Enderle, Werner Giselbrecht, Lorenz Englj\u00e4hringer Gesch\u00e4ftsf\u00fchrung: Alfred Enderle, Christine R\u00f6hrl Registergericht: Amtsgericht Ingolstadt HRB 4147 VAT-No. \/ USt.-Id-Nr.: DE248818115 Informationspflichten DSGVO (PDF) Technische Umsetzung: appropo [&hellip;]<\/p>\n","protected":false},"author":1,"featured_media":0,"parent":0,"menu_order":0,"comment_status":"closed","ping_status":"closed","template":"","meta":{"_et_pb_use_builder":"on","_et_pb_old_content":"","_et_gb_content_width":"","footnotes":""},"class_list":["post-925","page","type-page","status-publish","hentry"],"_links":{"self":[{"href":"https:\/\/qse-gmbh.de\/en\/wp-json\/wp\/v2\/pages\/925","targetHints":{"allow":["GET"]}}],"collection":[{"href":"https:\/\/qse-gmbh.de\/en\/wp-json\/wp\/v2\/pages"}],"about":[{"href":"https:\/\/qse-gmbh.de\/en\/wp-json\/wp\/v2\/types\/page"}],"author":[{"embeddable":true,"href":"https:\/\/qse-gmbh.de\/en\/wp-json\/wp\/v2\/users\/1"}],"replies":[{"embeddable":true,"href":"https:\/\/qse-gmbh.de\/en\/wp-json\/wp\/v2\/comments?post=925"}],"version-history":[{"count":8,"href":"https:\/\/qse-gmbh.de\/en\/wp-json\/wp\/v2\/pages\/925\/revisions"}],"predecessor-version":[{"id":2082,"href":"https:\/\/qse-gmbh.de\/en\/wp-json\/wp\/v2\/pages\/925\/revisions\/2082"}],"wp:attachment":[{"href":"https:\/\/qse-gmbh.de\/en\/wp-json\/wp\/v2\/media?parent=925"}],"curies":[{"name":"wp","href":"https:\/\/api.w.org\/{rel}","templated":true}]}}